{"id":821,"date":"2019-02-18T15:51:10","date_gmt":"2019-02-18T08:51:10","guid":{"rendered":"http:\/\/22248.lamdx.vinawebsite.vn\/san-pham\/perlite-3-5mm2\/"},"modified":"2023-05-11T16:49:10","modified_gmt":"2023-05-11T09:49:10","slug":"perlite-3-5mm2__trashed","status":"publish","type":"product","link":"https:\/\/vinascg.com\/en\/san-pham\/perlite-3-5mm2__trashed\/","title":{"rendered":"Perlite 3-5mm"},"content":{"rendered":"<div>Perlite stone<br \/>\nAn inert stone containing high silica content, formed at natural high temperatures in volcanic lava flows or artificially produced through thermal reactions, will produce perlite rock.<br \/>\nPerlite stone has a cavernous form (porous form) so perlite has a large volume but extremely light.<br \/>\nDue to that characteristic, humans have long applied perlite stone features to create high quality ceramics with very light weight. and later people took advantage of that to make ultra-light concrete with extremely good sound insulatio<\/div>\n<div><img decoding=\"async\" src=\"http:\/\/vinascg.com\/wp-content\/uploads\/2020\/07\/perlite-692.jpg\" \/><\/div>\n<div>\n<p>Insulation properties of Perlite stone: due to the melting temperature at 1260 degrees C and in the cave form, perlite stone is used in fireproof materials in safes, fireproof doors, chimney lining &#8230;<\/p>\n<p>Perlite stone has the ability to reduce the spread of sound between walls, so it is often used in recording studios, meeting rooms, karaoke rooms &#8230;<\/p>\n<p>And the most important is the extremely efficient agricultural applicability,<\/p>\n<p>Most growers in the US use perlite rock mixed at a rate of 30% &#8211; 50% (depending on the crop) with nutrient soil to grow conventional plants, or mix with inert varieties. Other hydrated like rockwool or soft white. In Vietnam, often mixed with copra meal has been processed tannin.<\/p>\n<p>Because perlite rock has a cavernous structure, it can hydrate, nutrients, regulate the humidity temperature for the growing material to make the soil airy and porous to help the root system grow very strong. Since then the tree will produce fruit with high yield, more flowers and more beautiful.<\/p>\n<\/div>\n<div><span style=\"font-size: medium;\">\u00a0<\/span><\/div>\n<div>\n<div>\n<div><a href=\"http:\/\/www.caybatmoi.net\/home\/movie\/ban-da-perlite\/perlite%20%281%29.jpg?attredirects=0\"><img decoding=\"async\" src=\"http:\/\/vinascg.com\/wp-content\/uploads\/2019\/03\/perlite-3-5mm2-692-1.jpg\" width=\"320\" height=\"240\" border=\"0\" \/><\/a><\/div>\n<p><img decoding=\"async\" src=\"http:\/\/vinascg.com\/wp-content\/uploads\/2019\/03\/perlite-3-5mm2-692-2.jpg\" width=\"320\" height=\"240\" border=\"0\" \/><\/p>\n<\/div>\n<div>\n<div>\n<div><a href=\"http:\/\/www.caybatmoi.net\/home\/movie\/ban-da-perlite\/technology-center18.jpg?attredirects=0\"><img decoding=\"async\" src=\"http:\/\/vinascg.com\/wp-content\/uploads\/2019\/03\/perlite-3-5mm2-692-3.jpg\" width=\"400\" height=\"266\" border=\"0\" \/><\/a><\/div>\n<\/div>\n<p><img decoding=\"async\" src=\"http:\/\/vinascg.com\/wp-content\/uploads\/2020\/07\/perlite-692-1.jpg\" \/><\/p>\n<\/div>\n<p><img decoding=\"async\" src=\"http:\/\/vinascg.com\/wp-content\/uploads\/2020\/07\/perlite-692-2.jpg\" \/><\/p>\n<div><\/div>\n<\/div>\n<div>Especially the plantation of trees, flowers on the roof or high-rise perlite stone will help reduce the weight for planting material by 30-50%.<\/div>\n<div><span style=\"font-size: medium;\">\u00a0<\/span><\/div>\n<div>\n<div><\/div>\n<p><a href=\"http:\/\/www.caybatmoi.net\/home\/movie\/ban-da-perlite\/20120730182417_4986.jpg?attredirects=0\"><img decoding=\"async\" src=\"http:\/\/vinascg.com\/wp-content\/uploads\/2019\/03\/perlite-3-5mm2-692-7.jpg\" width=\"400\" height=\"266\" border=\"0\" \/><\/a><\/p>\n<div><\/div>\n<\/div>\n<div>\n<div><a href=\"http:\/\/www.caybatmoi.net\/home\/movie\/ban-da-perlite\/chau-nhua-trong-hoa-treo_%284%29.jpg?attredirects=0\"><img decoding=\"async\" src=\"http:\/\/vinascg.com\/wp-content\/uploads\/2019\/03\/perlite-3-5mm2-692-8.jpg\" border=\"0\" \/><\/a><\/div>\n<\/div>\n<div><span style=\"font-size: medium;\">\u00a0<\/span><\/div>\n<div><span style=\"font-size: medium;\">\u00a0<\/span><\/div>\n<div><span style=\"font-size: medium;\">V\u1edbi c\u00e2y b\u1eaft m\u1ed3i, c\u00e2y \u0103n th\u1ecbt th\u00ec perlite l\u00e0 m\u1ed9t lo\u1ea1i ch\u1ea5t tr\u1ed9n kh\u00f4ng th\u1ec3 thi\u1ebfu. v\u00e0 h\u1ed7n h\u1ee3p ch\u1ea5t tr\u1ed3ng t\u1ed1t nh\u1ea5t tr\u1ed3ng c\u00e2y \u0103n th\u1ecbt, c\u00e2y b\u1eaft m\u1ed3i v\u1edbi t\u1ef7 l\u1ec7 1:1 gi\u1eefa \u0111\u00e1 perlite v\u00e0 d\u1edbn tr\u1eafng m\u1ec1m.\u00a0<\/span><\/div>\n<div><span style=\"font-size: medium;\">\u00a0\u00a0 \u00a0<\/span><\/div>\n<div><span style=\"font-size: medium;\">\u00a0\u00a0 \u00a0D\u1edbn tr\u1eafng c\u00f3 kh\u1ea3 n\u0103ng ng\u1eadm n\u01b0\u1edbc, kh\u00e1ng khu\u1ea9n t\u1ef1 nhi\u00ean v\u00e0 v\u1eadn chuy\u1ec3n oxy, ch\u1ea5t dinh d\u01b0\u1ee1ng c\u1ef1c t\u1ed1t c\u1ed9ng v\u1edbi kh\u1ea3 n\u0103ng t\u1ea1o th\u00f4ng tho\u00e1ng v\u00e0 \u0111i\u1ec1u h\u00f2a nhi\u1ec7t \u0111\u1ed9, \u0111\u1ed9 \u1ea9m c\u1ee7a \u0111\u00e1 perlite s\u1ebd tr\u1edf th\u00e0nh m\u1ed9t h\u1ed7n h\u1ee3p t\u1ea1o \u0111i\u1ec1u ki\u1ec7n cho c\u00e1c lo\u1ea1i c\u00e2y b\u1eaft m\u1ed3i, c\u00e2y \u0103n th\u1ecbt ph\u00e1t tri\u1ec3n t\u1ed1t nh\u1ea5t \u0111\u1eb9p nh\u1ea5t, c\u00e2y n\u1eafp \u1ea5m s\u1ebd cho ra nh\u1eefng c\u00e1i \u1ea5m c\u1ee9ng, to h\u01a1n m\u00e0u \u0111\u1eb9p h\u01a1n, v\u00e0 c\u00e2y b\u1eaby k\u1eb9p venus flytrap c\u0169ng s\u1ebd cho ra nh\u1eefng c\u00e1i k\u1eb9p to h\u01a1n v\u00e0 m\u00e0u s\u1eafc b\u00ean trong k\u1eb9p c\u0169ng s\u1eb7c s\u1edf, quy\u1ebfn r\u0169 h\u01a1n&#8230; \u0111\u1ec3 m\u1eddi g\u1ecdi n\u1ea1n nh\u00e2n c\u00f4n tr\u00f9ng x\u1ea5u s\u1ed1.<\/span><\/div>\n<div><span style=\"font-size: medium;\">\u00a0<\/span><\/div>\n<div>\n<div><a href=\"http:\/\/www.caybatmoi.net\/home\/movie\/ban-da-perlite\/Perlite%20trong%20Cay%20An%20Thit.jpg?attredirects=0\"><img decoding=\"async\" src=\"http:\/\/vinascg.com\/wp-content\/uploads\/2019\/03\/perlite-3-5mm2-692-9.jpg\" border=\"0\" \/><\/a><\/div>\n<\/div>\n","protected":false},"excerpt":{"rendered":"<p>Perlite stone An inert stone containing high silica content, formed at natural high temperatures in volcanic lava flows or artificially produced through thermal reactions, will produce perlite rock. Perlite stone has a cavernous form (porous form) so perlite has a large volume but extremely light. Due to that characteristic, humans have long applied perlite stone &#8230;<\/p>\n","protected":false},"featured_media":3078,"comment_status":"open","ping_status":"closed","template":"","meta":{"_acf_changed":false},"product_brand":[],"product_cat":[130],"product_tag":[],"class_list":{"0":"post-821","1":"product","2":"type-product","3":"status-publish","4":"has-post-thumbnail","6":"product_cat-planting-material","8":"first","9":"instock","10":"shipping-taxable","11":"product-type-simple"},"acf":[],"_links":{"self":[{"href":"https:\/\/vinascg.com\/en\/wp-json\/wp\/v2\/product\/821","targetHints":{"allow":["GET"]}}],"collection":[{"href":"https:\/\/vinascg.com\/en\/wp-json\/wp\/v2\/product"}],"about":[{"href":"https:\/\/vinascg.com\/en\/wp-json\/wp\/v2\/types\/product"}],"replies":[{"embeddable":true,"href":"https:\/\/vinascg.com\/en\/wp-json\/wp\/v2\/comments?post=821"}],"wp:featuredmedia":[{"embeddable":true,"href":"https:\/\/vinascg.com\/en\/wp-json\/wp\/v2\/media\/3078"}],"wp:attachment":[{"href":"https:\/\/vinascg.com\/en\/wp-json\/wp\/v2\/media?parent=821"}],"wp:term":[{"taxonomy":"product_brand","embeddable":true,"href":"https:\/\/vinascg.com\/en\/wp-json\/wp\/v2\/product_brand?post=821"},{"taxonomy":"product_cat","embeddable":true,"href":"https:\/\/vinascg.com\/en\/wp-json\/wp\/v2\/product_cat?post=821"},{"taxonomy":"product_tag","embeddable":true,"href":"https:\/\/vinascg.com\/en\/wp-json\/wp\/v2\/product_tag?post=821"}],"curies":[{"name":"wp","href":"https:\/\/api.w.org\/{rel}","templated":true}]}}