{"id":820,"date":"2019-02-18T15:51:13","date_gmt":"2019-02-18T08:51:13","guid":{"rendered":"http:\/\/22248.lamdx.vinawebsite.vn\/san-pham\/perlite-5-8mm\/"},"modified":"2026-04-03T16:43:50","modified_gmt":"2026-04-03T09:43:50","slug":"perlite-5-8mm__trashed","status":"publish","type":"product","link":"https:\/\/vinascg.com\/en\/san-pham\/perlite-5-8mm__trashed\/","title":{"rendered":"Perlite 5-8mm"},"content":{"rendered":"<p>Perlite stone has the shape of round white beads. This is a material used as a medium for soil environments. So what is Perlite stone? This is a naturally formed rock in volcanoes when heated to 1600 degrees Celsius will expand with a size of up to 13 times the old size (like the popcorn is made). It can also be made through artificial processes.<\/p>\n<figure id=\"attachment_32\" class=\"wp-caption aligncenter\"><img decoding=\"async\" class=\"wp-image-32 size-full\" title=\"\u0110\u00e1 Perlite l\u00e0 g\u00ec - c\u1ea5u t\u1ea1o ra sao\" src=\"\" sizes=\"(max-width: 720px) 100vw, 720px\" srcset=\" 720w, https:\/\/daperlite.com\/wp-content\/uploads\/2018\/07\/da-perlite-la-gi-cau-tao-nhu-the-nao-1-150x150.png 150w, https:\/\/daperlite.com\/wp-content\/uploads\/2018\/07\/da-perlite-la-gi-cau-tao-nhu-the-nao-1-300x300.png 300w, https:\/\/daperlite.com\/wp-content\/uploads\/2018\/07\/da-perlite-la-gi-cau-tao-nhu-the-nao-1-100x100.png 100w\" alt=\"\u0110\u00e1 Perlite l\u00e0 g\u00ec - c\u1ea5u t\u1ea1o ra sao\" width=\"720\" height=\"720\" \/><\/figure>\n<p>Structure of Perlite stone<br \/>\ntheir weight is extremely light. Perlite stone is covered by many small cells that absorb the moisture outside of the grain, not inside, but makes it particularly useful in facilitating moisture for the roots. The main component of Perlite stone is silicon.<\/p>\n","protected":false},"excerpt":{"rendered":"<p>The use of Perlite rock is often used in mixing with soil to improve aeration, helping the soil to not be compacted and increasing the chances of good drainage for fast growing roots.<\/p>\n<p>Other uses of Perlite perlite include building blocks, cement and plaster, and insulation to help reduce noise and effectively insulate walls. Perlite stone is also used in the city&#8217;s pharmaceuticals and swimming pool water filtration as well as rubbing in polishes, detergents and soaps.<\/p>\n<p><img decoding=\"async\" src=\"http:\/\/hongleocolong.com\/kcfinder\/upload\/images\/da-perlite.jpg\" alt=\"H\u00c3\u00acnh \u00e1\u00ba\u00a3nh c\u00c3\u00b3 li\u00c3\u00aan quan\" \/><\/p>\n","protected":false},"featured_media":714,"comment_status":"open","ping_status":"closed","template":"","meta":{"_acf_changed":false},"product_brand":[],"product_cat":[559,130,125],"product_tag":[],"class_list":{"0":"post-820","1":"product","2":"type-product","3":"status-publish","4":"has-post-thumbnail","6":"product_cat-perlite-stone","7":"product_cat-planting-material","8":"product_cat-supplies-equipment-and-other-chemicals","10":"first","11":"instock","12":"shipping-taxable","13":"product-type-simple"},"acf":[],"_links":{"self":[{"href":"https:\/\/vinascg.com\/en\/wp-json\/wp\/v2\/product\/820","targetHints":{"allow":["GET"]}}],"collection":[{"href":"https:\/\/vinascg.com\/en\/wp-json\/wp\/v2\/product"}],"about":[{"href":"https:\/\/vinascg.com\/en\/wp-json\/wp\/v2\/types\/product"}],"replies":[{"embeddable":true,"href":"https:\/\/vinascg.com\/en\/wp-json\/wp\/v2\/comments?post=820"}],"wp:featuredmedia":[{"embeddable":true,"href":"https:\/\/vinascg.com\/en\/wp-json\/wp\/v2\/media\/714"}],"wp:attachment":[{"href":"https:\/\/vinascg.com\/en\/wp-json\/wp\/v2\/media?parent=820"}],"wp:term":[{"taxonomy":"product_brand","embeddable":true,"href":"https:\/\/vinascg.com\/en\/wp-json\/wp\/v2\/product_brand?post=820"},{"taxonomy":"product_cat","embeddable":true,"href":"https:\/\/vinascg.com\/en\/wp-json\/wp\/v2\/product_cat?post=820"},{"taxonomy":"product_tag","embeddable":true,"href":"https:\/\/vinascg.com\/en\/wp-json\/wp\/v2\/product_tag?post=820"}],"curies":[{"name":"wp","href":"https:\/\/api.w.org\/{rel}","templated":true}]}}