{"id":803,"date":"2019-02-18T16:32:34","date_gmt":"2019-02-18T09:32:34","guid":{"rendered":"http:\/\/22248.lamdx.vinawebsite.vn\/san-pham\/roasted-cashew-nuts-1\/"},"modified":"2024-04-17T12:38:11","modified_gmt":"2024-04-17T05:38:11","slug":"roasted-cashew-nuts-1__trashed","status":"publish","type":"product","link":"https:\/\/vinascg.com\/en\/san-pham\/roasted-cashew-nuts-1__trashed\/","title":{"rendered":"Roasted cashew nuts"},"content":{"rendered":"<p>Roasted Cashew Nuts With No Salted Silk Export<\/p>\n<p>Product Color: Natural White<\/p>\n<p>Material Area: Binh Phuoc<\/p>\n<p>Production Place: Binh Phuoc<\/p>\n<p>Production Standard: HACCP<\/p>\n<p>The health benefits of cashews are extremely valuable, here are the reasons you should add this nutritious nut to your diet and your family:<\/p>\n<p>1. Prevent heart disease<br \/>\nCashews are a good source of healthy fats, which are essential for the body to absorb fat-soluble vitamins A, D, E, and K and produce important fatty acids for brain development. These healthy fats include monounsaturated and polyunsaturated fats. They are good for the heart and help reduce bad cholesterol (LDL cholesterol) if consumed in appropriate amounts, even in diabetics.<\/p>\n<p>2. Enhance eye health<\/p>\n<p>We all know carrots are good for the eyes, but surprisingly, cashews are the same. They contain high levels of lutein and zeaxanthin, which act as antioxidants when consumed regularly. These compounds protect the eyes from minor damage (which can turn blind in the elderly) and may even help reduce cataracts.<\/p>\n<p>3. Help muscles and nervous system healthy<\/p>\n<p>Cashews are rich in magnesium, a substance that is important for the growth of bones, muscles, tissues and organs. Magnesium helps maintain blood pressure, boost the immune system, maintain nerve function and keep bones strong. Magnesium deficiency leads to high blood pressure, migraines, aches and pains.<\/p>\n<p>In addition, for women after menopause, cashews can bring them more comfortable sleep and more comfortable at night.<\/p>\n<p>Contact + 84937577666 To Buy Cashew Nut With Wholesale Price<\/p>\n","protected":false},"excerpt":{"rendered":"<p>Describe<br \/>\nWe are an enterprise specializing in exporting cashew and agricultural products to European and North American markets. Our products meet HACCP standards (Product standards required for Europe, North America). The company currently has a cashew processing factory in Binh Phuoc.<\/p>\n<figure id=\"attachment_353\" class=\"wp-caption aligncenter\"><img decoding=\"async\" class=\"size-full wp-image-353\" src=\"https:\/\/congtythaibinhduong.com\/wp-content\/uploads\/2018\/01\/Workers-are-doing-in-Pacificproduction-Co-Ltd.jpg\" sizes=\"(max-width: 800px) 100vw, 800px\" srcset=\"https:\/\/congtythaibinhduong.com\/wp-content\/uploads\/2018\/01\/Workers-are-doing-in-Pacificproduction-Co-Ltd.jpg 800w, https:\/\/congtythaibinhduong.com\/wp-content\/uploads\/2018\/01\/Workers-are-doing-in-Pacificproduction-Co-Ltd-300x225.jpg 300w, https:\/\/congtythaibinhduong.com\/wp-content\/uploads\/2018\/01\/Workers-are-doing-in-Pacificproduction-Co-Ltd-768x576.jpg 768w\" alt=\"Nh\u1eefng c\u00f4ng nh\u00e2n \u0111ang l\u00e0m vi\u1ec7c trong nh\u00e0 m\u00e1y Pacific Production Co., Ltd\" width=\"800\" height=\"600\" \/><figcaption class=\"wp-caption-text\">The workers are working in the cashew plant<\/p>\n<p>Cashew nuts in Vietnam market Currently, mainly low-grade products are not qualified for export. We are committed to our customers, our products are qualified for export.<\/p>\n<p>The room is roasting cashew nuts<br \/>\nSalt-roasted cashew products of the Pacific are not only high quality for export but also very suitable for Vietnamese taste. We are Vietnamese, more than anyone we want to bring quality and delicious products to Vietnamese people.<\/p>\n<p>We hope to receive your comments so that we can improve our products.<\/p>\n<\/figcaption><\/figure>\n","protected":false},"featured_media":771,"comment_status":"open","ping_status":"closed","template":"","meta":{"_acf_changed":false},"product_brand":[],"product_cat":[109],"product_tag":[207],"class_list":{"0":"post-803","1":"product","2":"type-product","3":"status-publish","4":"has-post-thumbnail","6":"product_cat-chua-duoc-phan-loai","7":"product_tag-hat-dieu-en","9":"first","10":"instock","11":"shipping-taxable","12":"product-type-simple"},"acf":[],"_links":{"self":[{"href":"https:\/\/vinascg.com\/en\/wp-json\/wp\/v2\/product\/803","targetHints":{"allow":["GET"]}}],"collection":[{"href":"https:\/\/vinascg.com\/en\/wp-json\/wp\/v2\/product"}],"about":[{"href":"https:\/\/vinascg.com\/en\/wp-json\/wp\/v2\/types\/product"}],"replies":[{"embeddable":true,"href":"https:\/\/vinascg.com\/en\/wp-json\/wp\/v2\/comments?post=803"}],"wp:featuredmedia":[{"embeddable":true,"href":"https:\/\/vinascg.com\/en\/wp-json\/wp\/v2\/media\/771"}],"wp:attachment":[{"href":"https:\/\/vinascg.com\/en\/wp-json\/wp\/v2\/media?parent=803"}],"wp:term":[{"taxonomy":"product_brand","embeddable":true,"href":"https:\/\/vinascg.com\/en\/wp-json\/wp\/v2\/product_brand?post=803"},{"taxonomy":"product_cat","embeddable":true,"href":"https:\/\/vinascg.com\/en\/wp-json\/wp\/v2\/product_cat?post=803"},{"taxonomy":"product_tag","embeddable":true,"href":"https:\/\/vinascg.com\/en\/wp-json\/wp\/v2\/product_tag?post=803"}],"curies":[{"name":"wp","href":"https:\/\/api.w.org\/{rel}","templated":true}]}}